{"id":1088,"date":"2023-01-22T06:24:39","date_gmt":"2023-01-22T06:24:39","guid":{"rendered":"http:\/\/lions-school.com\/ls\/?page_id=1088"},"modified":"2026-04-22T16:23:26","modified_gmt":"2026-04-22T16:23:26","slug":"reglamentos-actualizados-2022-2023","status":"publish","type":"page","link":"http:\/\/lions-school.com\/ls\/reglamentos-actualizados-2022-2023\/","title":{"rendered":"Reglamentos 2025-2026(En modificaci\u00f3n por nueva ley)"},"content":{"rendered":"\n<div id=\"wp-block-themeisle-blocks-advanced-columns-706087d6\" class=\"wp-block-themeisle-blocks-advanced-columns has-1-columns has-desktop-equal-layout has-tablet-equal-layout has-mobile-equal-layout has-vertical-unset\"><div class=\"wp-block-themeisle-blocks-advanced-columns-overlay\"><\/div><div class=\"innerblocks-wrap\">\n<div id=\"wp-block-themeisle-blocks-advanced-column-e4c02a2a\" class=\"wp-block-themeisle-blocks-advanced-column\">\n<p><a href=\"http:\/\/lions-school.com\/ls\/wp-content\/uploads\/2026\/04\/RICE-OFICIAL-2026-2-1.pdf\">REGLAMENTO INTERNO DE CONVIVENCIA ESCOLAR<\/a><\/p>\n\n\n\n<p><a href=\"http:\/\/lions-school.com\/ls\/wp-content\/uploads\/2025\/04\/REGLAMENTO-INSTITUCIONAL-DE-EVALUACION-DE-LOS-APRENDIZAJES-2025.pdf\">REGLAMENTO DE EVALUACI\u00d3N DE APRENDIZAJES<\/a><\/p>\n\n\n\n<p><a href=\"http:\/\/lions-school.com\/ls\/wp-content\/uploads\/2023\/05\/REGLAMENTO-INTERNO-DE-EDUCACIO\u0301N-PARVULARIA-2023.pdf\">REGLAMENTO INTERNO DE EDUCACI\u00d3N PARVULARIA<\/a><\/p>\n\n\n\n<p><\/p>\n\n\n\n<h2 class=\"wp-block-heading\">Planes 2025-2026(En modificaci\u00f3n por nueva ley)<\/h2>\n\n\n\n<p><a href=\"http:\/\/lions-school.com\/ls\/wp-content\/uploads\/2025\/04\/PLAN-DE-GESTION-CONVIVENCIA-ESCOLAR-2025.pdf\">PLAN GESTION CONVIVENCIA ESCOLAR<\/a><\/p>\n\n\n\n<p><a href=\"http:\/\/lions-school.com\/ls\/wp-content\/uploads\/2023\/01\/PLAN-FORMACION-CIUDADANA-.pdf\">PLAN-FORMACI\u00d3N-CIUDADANA<\/a><\/p>\n\n\n\n<p><a href=\"http:\/\/lions-school.com\/ls\/wp-content\/uploads\/2023\/01\/PROGRAMA-DE-SEXUALIDAD.pdf\">PLAN DE SEXUALIDAD, AFECTIVIDAD Y G\u00c9NERO<\/a><\/p>\n\n\n\n<p><a href=\"http:\/\/lions-school.com\/ls\/wp-content\/uploads\/2023\/01\/PLAN-DE-APOYO-A-LA-INCLUSION-.pdf\">PLAN DE APOYO A LA INCLUSION<\/a><\/p>\n\n\n\n<p><a href=\"http:\/\/lions-school.com\/ls\/wp-content\/uploads\/2023\/01\/PLAN-DE-ORIENTACION-VOCACIONAL-2023.pdf\">PLAN DE ORIENTACION VOCACIONAL<\/a><\/p>\n\n\n\n<p><a href=\"http:\/\/lions-school.com\/ls\/wp-content\/uploads\/2025\/04\/PISE-2025.pdf\">PLAN INTEGRAL DE SEGURIDAD ESCOLAR P.I.S.E <\/a><\/p>\n\n\n\n<p><a href=\"http:\/\/lions-school.com\/ls\/wp-content\/uploads\/2023\/01\/PLAN-DE-DESARROLLO-PROFESIONAL-DOCENTE.pdf\">PLAN DE DESARROLLO PROFESIONAL DOCENTE<\/a><\/p>\n<\/div>\n<\/div><\/div>\n\n\n\n<h2 class=\"wp-block-heading\">Protocolos 2025-2026(En modificaci\u00f3n por nueva ley)<\/h2>\n\n\n\n<p><a href=\"http:\/\/lions-school.com\/ls\/wp-content\/uploads\/2026\/04\/PROTOCOLO-DE-PROHIBICION-DE-USO-DE-CELULARES-Y-OTROS-DISPOSITIVOS-ELECTRONICOS.pdf\">PROTOCOLO DE PROHIBICI\u00d3N DE USO DE CELULARES Y OTROS DISPOSITIVOS ELECTR\u00d3NICOS 2026 (NUEVO)<\/a><\/p>\n\n\n\n<p><a href=\"http:\/\/lions-school.com\/ls\/wp-content\/uploads\/2024\/06\/PROTOCOLO-DEC-COLEGIO-BICENTENARIO-LIONS-SCHOOL.pdf\">PROTOCOLO DE RESPUESTA Y ATENCI\u00d3N ANTE SITUACIONES DEDESREGULACI\u00d3N EMOCIONAL Y CONDUCTUAL CON NI\u00d1OS, NI\u00d1AS Y ESTUDIANTES, EN ESPECIAL DEL ESPECTRO AUTISTA (DEC)<\/a><\/p>\n\n\n\n<p><a href=\"http:\/\/lions-school.com\/ls\/wp-content\/uploads\/2023\/01\/PROTOCOLO-DE-ACTUACION-PARA-ABORDAR-SITUACIONES-RELACIONADAS-A-DROGAS-Y-ALCOHOL.pdf\">PROTOCOLO DE ACTUACI\u00d3N PARA ABORDAR SITUACIONES RELACIONADAS CON DROGAS Y ALCOHOL<\/a><\/p>\n\n\n\n<p><a href=\"http:\/\/lions-school.com\/ls\/wp-content\/uploads\/2023\/01\/PROTOCOLO-DE-ACTUACION-FRENTE-A-SITUACIONES-DE-MALTRATO-ACOSO-O-VIOLENCIA-ESCOLAR.pdf\">PROTOCOLO DE ACTUACI\u00d3N EN CASO DE MALTRATO O ACOSO ESCOLAR O VIOLENCIA ENTRE MIEMBROS DE LA COMUNIDAD EDUCATIVA<\/a><\/p>\n\n\n\n<p><a href=\"http:\/\/lions-school.com\/ls\/wp-content\/uploads\/2023\/01\/PROTOCOLO-DE-ACTUACION-EN-CASO-DE-ACCIDENTES-ESCOLARES.pdf\">PROTOCOLO DE ACTUACION EN CASO DE ACCIDENTES ESCOLARES<\/a><\/p>\n\n\n\n<p><a href=\"http:\/\/lions-school.com\/ls\/wp-content\/uploads\/2023\/01\/PROTOCOLO-DE-APOYO-PARA-ESTUDIANTES-EMBARAZADAS-1.pdf\">PROTOCOLO DE APOYO PARA ALUMNAS EMBARAZADAS Y PADRES ADOLESCENTES<\/a><\/p>\n\n\n\n<p><a href=\"http:\/\/lions-school.com\/ls\/wp-content\/uploads\/2023\/01\/PROTOCOLO-DE-ACTUACION-FRENTE-A-LA-DETECCION-DE-SITUACIONES-DE-VULNERACION-DE-DERECHOS-DE-ESTUDIANTES.pdf\">PROTOCOLO DE ACTUACION FRENTE A LA DETECCI\u00d3N DE SITUACIONES DE VULNERACI\u00d3N DE DERECHOS DE ESTUDIANTES<\/a><\/p>\n\n\n\n<p><a href=\"http:\/\/lions-school.com\/ls\/wp-content\/uploads\/2023\/01\/PROTOCOLO-FRENTE-A-AGRESIONES-SEXUALES-Y-HECHOS-DE-CONNOTACION-SEXUAL-QUE-ATENTEN-CONTRA-LA-INTEGRIDAD-DE-LOS-ESTUDIANTES.pdf\">PROTOCOLO FRENTE A AGRESIONES SEXUALES Y HECHOS DE CONNOTACI\u00d3N SEXUAL QUE ATENTEN CONTRA LA INTEGRIDAD DE LOS ESTUDIANTES<\/a><\/p>\n\n\n\n<p><a href=\"http:\/\/lions-school.com\/ls\/wp-content\/uploads\/2023\/01\/PROTOCOLO-DE-PREVENCION-Y-ACTUACION-ANTE-SITUACIONES-DE-RIESGO-SUICIDA.pdf\">PROTOCOLO DE PREVENCI\u00d3N Y ACTUACI\u00d3N ANTE SITUACI\u00d3N DE RIESGO SUICIDA Y AUTOLESIVAS<\/a><\/p>\n\n\n\n<p><a href=\"http:\/\/lions-school.com\/ls\/wp-content\/uploads\/2023\/05\/PROTOCOLO-VIGILANCIA-EPIDEMIOLOGICA-COVID-2023.pdf\">PROTOCOLO VIGILANCIA EPIDEMIOL\u00d3GICA 2023<\/a><\/p>\n","protected":false},"excerpt":{"rendered":"<p>Protocolos 2025-2026(En modificaci\u00f3n por nueva ley) PROTOCOLO DE PROHIBICI\u00d3N DE USO DE CELULARES Y OTROS DISPOSITIVOS ELECTR\u00d3NICOS 2026 (NUEVO) PROTOCOLO DE RESPUESTA Y ATENCI\u00d3N ANTE SITUACIONES DEDESREGULACI\u00d3N EMOCIONAL Y CONDUCTUAL &hellip; <a href=\"http:\/\/lions-school.com\/ls\/reglamentos-actualizados-2022-2023\/\" class=\"more-link\">Leer m\u00e1s<\/a><\/p>\n","protected":false},"author":2,"featured_media":0,"parent":0,"menu_order":0,"comment_status":"closed","ping_status":"closed","template":"","meta":{"_themeisle_gutenberg_block_has_review":false,"footnotes":""},"class_list":["post-1088","page","type-page","status-publish","hentry","entry"],"_links":{"self":[{"href":"http:\/\/lions-school.com\/ls\/wp-json\/wp\/v2\/pages\/1088","targetHints":{"allow":["GET"]}}],"collection":[{"href":"http:\/\/lions-school.com\/ls\/wp-json\/wp\/v2\/pages"}],"about":[{"href":"http:\/\/lions-school.com\/ls\/wp-json\/wp\/v2\/types\/page"}],"author":[{"embeddable":true,"href":"http:\/\/lions-school.com\/ls\/wp-json\/wp\/v2\/users\/2"}],"replies":[{"embeddable":true,"href":"http:\/\/lions-school.com\/ls\/wp-json\/wp\/v2\/comments?post=1088"}],"version-history":[{"count":20,"href":"http:\/\/lions-school.com\/ls\/wp-json\/wp\/v2\/pages\/1088\/revisions"}],"predecessor-version":[{"id":5028,"href":"http:\/\/lions-school.com\/ls\/wp-json\/wp\/v2\/pages\/1088\/revisions\/5028"}],"wp:attachment":[{"href":"http:\/\/lions-school.com\/ls\/wp-json\/wp\/v2\/media?parent=1088"}],"curies":[{"name":"wp","href":"https:\/\/api.w.org\/{rel}","templated":true}]}}