{"id":129,"date":"2020-04-17T03:06:27","date_gmt":"2020-04-17T03:06:27","guid":{"rendered":"http:\/\/lions-school.com\/ls\/?page_id=129"},"modified":"2024-10-09T14:19:10","modified_gmt":"2024-10-09T14:19:10","slug":"himno","status":"publish","type":"page","link":"http:\/\/lions-school.com\/ls\/himno\/","title":{"rendered":"Himno"},"content":{"rendered":"\n<p>I<br>EN CARTAGENA MIRANDO EL HORIZONTE<br>LIONS\u00b4SCHOOL SE ELEVA SE\u00d1ORIAL<br>AQU\u00cd SE FORJAN LOS HOMBRES DEL MA\u00d1ANA<br>LEALES NOBLES DE TEMPLE SIN IGUAL<\/p>\n\n\n\n<p>II<br>AULA MAGNA DE LA TIERRA M\u00cdA<br>TU PRESENCIA AGRANDA EL SABER<br>Y SE EXPANDE TU NOMBRE POR SIEMPRE<br>ERES TEMPLE Y ALTAR DEL SABER<\/p>\n\n\n\n<p>CORO<br>LIONS\u2019 SCHOOL FLAMEA TU BANDERA<br>MIENTRAS CANTAMOS EL HIMNO NACIONAL<br>Y SE DESPLIEGA COMO SI FUERA VELA<br>UN GRAN NAV\u00cdO QUE VA CRUZANDO EL MAR<\/p>\n\n\n\n<p>Y EN LAS MANOS DE DIOS NUESTRO ESTANDARTE<br>NOS LLEVA VICTORIOSOS A TRIUNFAR<br>\/\/LIONS\u2019 SCHOOL FLAMEA TU BANDERA<br>MIENTRAS CANTAMOS EL HIMNO NACIONAL\/\/<\/p>\n\n\n\n<p>III<br>LIONS\u2019 SCHOOL COLEGIO DE LEONES<br>ES TU BANDA Y SE ESCUCHAR TOCAR<br>LAS TROMPETAS IRRUMPEN LOS AIRES<br>CON SU GRITO DE BRONCE MARCIAL<br>IV<br>SON TUS ALUMNOS EJEMPLOS DE EXCELENCIA Y<br>TRIUNFADORES POR LA GRACIA DE DIOS<br>LA FRENTE ALTA ESTIRPE DE CAMPEONES<br>SOMOS DEL LIONS\u2019 DONDE EL LE\u00d3N RUGI\u00d3<\/p>\n\n\n\n<p>CORO<br>LIONS\u2019 SCHOOL FLAMEA TU BANDERA<br>MIENTRAS CANTAMOS EL HIMNO NACIONAL<br>Y SE DESPLIEGA COMO SI FUERA VELA<br>UN GRAN NAV\u00cdO QUE VA CRUZANDO EL MAR<\/p>\n\n\n\n<p>Y EN LAS MANOS DE DIOS NUESTRO ESTANDARTE<br>NOS LLEVA VICTORIOSOS A TRIUNFAR<br>\/\/LIONS\u2019 SCHOOL FLAMEA TU BANDERA<br>MIENTRAS CANTAMOS EL HIMNO NACIONAL\/\/<\/p>\n\n\n\n<figure class=\"wp-block-audio\"><audio controls src=\"https:\/\/lions-school.com\/ls\/wp-content\/uploads\/2024\/10\/Himno-Del-Colegio.mp3\"><\/audio><\/figure>\n","protected":false},"excerpt":{"rendered":"<p>IEN CARTAGENA MIRANDO EL HORIZONTELIONS\u00b4SCHOOL SE ELEVA SE\u00d1ORIALAQU\u00cd SE FORJAN LOS HOMBRES DEL MA\u00d1ANALEALES NOBLES DE TEMPLE SIN IGUAL IIAULA MAGNA DE LA TIERRA M\u00cdATU PRESENCIA AGRANDA EL SABERY SE &hellip; <a href=\"http:\/\/lions-school.com\/ls\/himno\/\" class=\"more-link\">Leer m\u00e1s<\/a><\/p>\n","protected":false},"author":2,"featured_media":0,"parent":0,"menu_order":0,"comment_status":"closed","ping_status":"closed","template":"","meta":{"_themeisle_gutenberg_block_has_review":false,"footnotes":""},"class_list":["post-129","page","type-page","status-publish","hentry","entry"],"_links":{"self":[{"href":"http:\/\/lions-school.com\/ls\/wp-json\/wp\/v2\/pages\/129","targetHints":{"allow":["GET"]}}],"collection":[{"href":"http:\/\/lions-school.com\/ls\/wp-json\/wp\/v2\/pages"}],"about":[{"href":"http:\/\/lions-school.com\/ls\/wp-json\/wp\/v2\/types\/page"}],"author":[{"embeddable":true,"href":"http:\/\/lions-school.com\/ls\/wp-json\/wp\/v2\/users\/2"}],"replies":[{"embeddable":true,"href":"http:\/\/lions-school.com\/ls\/wp-json\/wp\/v2\/comments?post=129"}],"version-history":[{"count":4,"href":"http:\/\/lions-school.com\/ls\/wp-json\/wp\/v2\/pages\/129\/revisions"}],"predecessor-version":[{"id":1774,"href":"http:\/\/lions-school.com\/ls\/wp-json\/wp\/v2\/pages\/129\/revisions\/1774"}],"wp:attachment":[{"href":"http:\/\/lions-school.com\/ls\/wp-json\/wp\/v2\/media?parent=129"}],"curies":[{"name":"wp","href":"https:\/\/api.w.org\/{rel}","templated":true}]}}