{"id":131,"date":"2020-04-17T03:06:41","date_gmt":"2020-04-17T03:06:41","guid":{"rendered":"http:\/\/lions-school.com\/ls\/?page_id=131"},"modified":"2022-10-24T16:14:49","modified_gmt":"2022-10-24T16:14:49","slug":"historia-del-colegio-y-reglamento","status":"publish","type":"page","link":"http:\/\/lions-school.com\/ls\/historia-del-colegio-y-reglamento\/","title":{"rendered":"Historia del Colegio"},"content":{"rendered":"\n<p>&nbsp;&nbsp;El proyecto educacional \u201cLions` School\u201d inicia su construcci\u00f3n en el a\u00f1o 1999, en la comuna de Cartagena, abriendo oficialmente sus puertas a sus primeros estudiantes, profesores, padres y apoderados, en el mes de marzo del a\u00f1o 2000.<\/p>\n\n\n\n<p>&nbsp; &nbsp; &nbsp; &nbsp; &nbsp; &nbsp; &nbsp;Obteniendo el Reconocimiento Oficial del Estado de Chile mediante Resoluci\u00f3n Exenta N\u00ba 000667 de fecha 25 de abril del a\u00f1o 2000, con el car\u00e1cter de colegio particular subvencionado, con financiamiento compartido y con jornada escolar completa diurna. El colegio construye sus bases fundacionales sobre la base de dos grandes pilares:<\/p>\n\n\n\n<p>&nbsp; &nbsp; &nbsp; &nbsp; &nbsp; &nbsp; &nbsp;<strong>Primero:<\/strong>&nbsp;El humanismo cristiano, no confesional, en el sentido que para el proyecto la plena realizaci\u00f3n del ser humano se alcanza dentro de un marco de principios y valores cristianos, como la solidaridad, la lealtad, la paz, el perd\u00f3n, la igualdad de oportunidades, la justicia, el respeto al medio ambiente, el amor, la fe, la responsabilidad y en general la libertad, su frase emblema es \u201cWinners for God\u00b4s Mercy\u201d, \u201cTriunfadores por la misericordia de Dios\u201d.<\/p>\n\n\n\n<p>&nbsp; &nbsp; &nbsp; &nbsp; &nbsp; &nbsp; &nbsp;<strong>Segundo<\/strong>: La excelencia, en su sentido m\u00e1s amplio, esto es, tanto lo acad\u00e9mico como lo institucional, para lo cual permanentemente revisa sus procesos, eval\u00faa el cumplimiento de metas y define estrategias para el cumplimiento de sus fines. Tan importante es este objetivo que se lleva impreso en la insignia del colegio caracterizada por el Le\u00f3n color oro, con un fondo de rallas burdeos y verdes, y con la expresi\u00f3n \u201cexcellence\u201d, en la base de la insignia, como referente de todo su actuar.<\/p>\n","protected":false},"excerpt":{"rendered":"<p>&nbsp;&nbsp;El proyecto educacional \u201cLions` School\u201d inicia su construcci\u00f3n en el a\u00f1o 1999, en la comuna de Cartagena, abriendo oficialmente sus puertas a sus primeros estudiantes, profesores, padres y apoderados, en &hellip; <a href=\"http:\/\/lions-school.com\/ls\/historia-del-colegio-y-reglamento\/\" class=\"more-link\">Leer m\u00e1s<\/a><\/p>\n","protected":false},"author":2,"featured_media":0,"parent":0,"menu_order":0,"comment_status":"closed","ping_status":"closed","template":"","meta":{"_themeisle_gutenberg_block_has_review":false,"footnotes":""},"class_list":["post-131","page","type-page","status-publish","hentry","entry"],"_links":{"self":[{"href":"http:\/\/lions-school.com\/ls\/wp-json\/wp\/v2\/pages\/131","targetHints":{"allow":["GET"]}}],"collection":[{"href":"http:\/\/lions-school.com\/ls\/wp-json\/wp\/v2\/pages"}],"about":[{"href":"http:\/\/lions-school.com\/ls\/wp-json\/wp\/v2\/types\/page"}],"author":[{"embeddable":true,"href":"http:\/\/lions-school.com\/ls\/wp-json\/wp\/v2\/users\/2"}],"replies":[{"embeddable":true,"href":"http:\/\/lions-school.com\/ls\/wp-json\/wp\/v2\/comments?post=131"}],"version-history":[{"count":3,"href":"http:\/\/lions-school.com\/ls\/wp-json\/wp\/v2\/pages\/131\/revisions"}],"predecessor-version":[{"id":1045,"href":"http:\/\/lions-school.com\/ls\/wp-json\/wp\/v2\/pages\/131\/revisions\/1045"}],"wp:attachment":[{"href":"http:\/\/lions-school.com\/ls\/wp-json\/wp\/v2\/media?parent=131"}],"curies":[{"name":"wp","href":"https:\/\/api.w.org\/{rel}","templated":true}]}}