{"id":137,"date":"2020-04-17T03:07:36","date_gmt":"2020-04-17T03:07:36","guid":{"rendered":"http:\/\/lions-school.com\/ls\/?page_id=137"},"modified":"2024-10-08T17:58:22","modified_gmt":"2024-10-08T17:58:22","slug":"mision","status":"publish","type":"page","link":"http:\/\/lions-school.com\/ls\/mision\/","title":{"rendered":"Misi\u00f3n"},"content":{"rendered":"\n<p><em><strong>Misi\u00f3n<\/strong><\/em><\/p>\n\n\n<p style=\"text-align: justify;\">\u00a0 \u00a0 \u00a0 \u00a0 \u00a0 \u00a0 \u00a0La misi\u00f3n del Lions\u00b4 School es constituirse como una comunidad educativa que, acogiendo a cada familia, educa con ella, a partir de la heterogeneidad y sobre la base de una educaci\u00f3n con valores cristianos, de calidad e integral, que se construye potenciando las inteligencias m\u00faltiples, educ\u00e1ndolos en: matem\u00e1ticas, ling\u00fc\u00edsticas, espaciales, musicales, corporales kinest\u00e9sicas, intrapersonales e interpersonales y finalmente sociales. Es a partir del desarrollo de estas inteligencias que sus estudiantes se vuelven gestores de su propio aprendizaje, iniciando un proceso instructivo, formativo y constructivo, siendo el colegio un organismo de formaci\u00f3n y desarrollo, ayud\u00e1ndoles a los alumnos y alumnas a descubrir su vocaci\u00f3n y su propio proyecto de vida dentro del marco de sus capacidades, talentos, habilidades y\/o destrezas que, finalmente, incrementaran en la educaci\u00f3n superior a la cual podr\u00e1n acceder por su esfuerzo personal, mediante las herramientas que le proveer\u00e1 el establecimiento educacional.<\/p>\n","protected":false},"excerpt":{"rendered":"<p>Misi\u00f3n \u00a0 \u00a0 \u00a0 \u00a0 \u00a0 \u00a0 \u00a0La misi\u00f3n del Lions\u00b4 School es constituirse como una comunidad educativa que, acogiendo a cada familia, educa con ella, a partir de la &hellip; <a href=\"http:\/\/lions-school.com\/ls\/mision\/\" class=\"more-link\">Leer m\u00e1s<\/a><\/p>\n","protected":false},"author":2,"featured_media":0,"parent":0,"menu_order":0,"comment_status":"closed","ping_status":"closed","template":"","meta":{"_themeisle_gutenberg_block_has_review":false,"footnotes":""},"class_list":["post-137","page","type-page","status-publish","hentry","entry"],"_links":{"self":[{"href":"http:\/\/lions-school.com\/ls\/wp-json\/wp\/v2\/pages\/137","targetHints":{"allow":["GET"]}}],"collection":[{"href":"http:\/\/lions-school.com\/ls\/wp-json\/wp\/v2\/pages"}],"about":[{"href":"http:\/\/lions-school.com\/ls\/wp-json\/wp\/v2\/types\/page"}],"author":[{"embeddable":true,"href":"http:\/\/lions-school.com\/ls\/wp-json\/wp\/v2\/users\/2"}],"replies":[{"embeddable":true,"href":"http:\/\/lions-school.com\/ls\/wp-json\/wp\/v2\/comments?post=137"}],"version-history":[{"count":4,"href":"http:\/\/lions-school.com\/ls\/wp-json\/wp\/v2\/pages\/137\/revisions"}],"predecessor-version":[{"id":1761,"href":"http:\/\/lions-school.com\/ls\/wp-json\/wp\/v2\/pages\/137\/revisions\/1761"}],"wp:attachment":[{"href":"http:\/\/lions-school.com\/ls\/wp-json\/wp\/v2\/media?parent=137"}],"curies":[{"name":"wp","href":"https:\/\/api.w.org\/{rel}","templated":true}]}}