{"id":139,"date":"2020-04-17T03:07:52","date_gmt":"2020-04-17T03:07:52","guid":{"rendered":"http:\/\/lions-school.com\/ls\/?page_id=139"},"modified":"2024-04-11T18:04:31","modified_gmt":"2024-04-11T18:04:31","slug":"palabras-del-rector","status":"publish","type":"page","link":"http:\/\/lions-school.com\/ls\/palabras-del-rector\/","title":{"rendered":"Palabras del Rector"},"content":{"rendered":"\n<p><em><strong>Estimada comunidad educativa:<\/strong><\/em><\/p>\n\n\n\n<p>&nbsp; &nbsp; &nbsp; &nbsp; &nbsp; &nbsp; &nbsp;Nos toca un nuevo a\u00f1o acad\u00e9mico por enfrentar, con nuevos desaf\u00edos y con metas a cumplir por cada uno de nuestros estudiantes, tenemos un largo a\u00f1o por caminar juntos, con vuestros profesores, padres, apoderados y equipo directivo.<\/p>\n\n\n\n<p>&nbsp; &nbsp; &nbsp; &nbsp; &nbsp; &nbsp; &nbsp;Tenemos que, trabajando en equipo permitir que esas metas se puedan alcanzar; nuestros profesores entregando orientaci\u00f3n y direcci\u00f3n para alcanzar dichos objetivos, sus padres y apoderados entreg\u00e1ndoles su apoyo y comprensi\u00f3n y ustedes, nuestros estudiantes colocando el m\u00e1ximo esfuerzo para aprender, especialmente aquellos que salen este a\u00f1o de 4to.Medio quienes comienzan a trazar su futuro ad portas de su ingreso a la Universidad.<\/p>\n\n\n\n<p>&nbsp; &nbsp; &nbsp; &nbsp; &nbsp; &nbsp; &nbsp;No existen metas imposibles, solo debes aprender a creer en ti, ahora,el alcanzar el objetivo deseado tiene un costo que se llama sacrificio y quienes est\u00e9n dispuestos a pagarlo ser\u00e1n los llamados a disfrutar de la corona de gloria que implica ser reconocido como el mejor o la mejor, y que hoy nuestra sociedad premia como claro reconocimiento a la MERITOCRACIA, ahora, esto no es suficiente para los alumnos del Lions\u2019 quienes son llamados a ser especiales no solo por su formaci\u00f3n acad\u00e9mica sino tambi\u00e9n val\u00f3rica quienes frente al concepto del bien, la solidaridad, la justicia, igualdad, la protecci\u00f3n del medio ambiente y el cari\u00f1o y protecci\u00f3n de la familia no son indiferentes, sino que hacen eco de ellos para que mediante acciones concretas y en conjunto nos permitamos construir, a partir de peque\u00f1os granitos de arena, una sociedad m\u00e1s justa, tolerante y equitativa.<\/p>\n\n\n\n<p>&nbsp; &nbsp; &nbsp; &nbsp; &nbsp; &nbsp; &nbsp;No podemos dejar pasar una oportunidad como esta para recordar el sello de mayor importancia que queremos imprimir en ustedes, suficientemente reflejado en la expresi\u00f3n \u00abWinners for God\u2019s mercy\u00bb, que da cuenta de la importancia que para vuestro colegio debe tener Dios en su vidas y en cada uno de vuestros caminos, toda vez que el \u00e9xito se alcanza por esfuerzo y como justa retribuci\u00f3n de nuestro Creador al sacrificio puesto, a disposici\u00f3n del objetivo planteado.<\/p>\n\n\n\n<p>\u00a0 \u00a0 \u00a0 \u00a0 \u00a0 \u00a0 \u00a0Que tengan un excelente a\u00f1o 2024, y que Dios les bendiga.<\/p>\n\n\n\n<p>&nbsp; &nbsp; &nbsp; &nbsp; &nbsp; &nbsp; &nbsp;Les desean su Rector y Directora.<\/p>\n","protected":false},"excerpt":{"rendered":"<p>Estimada comunidad educativa: &nbsp; &nbsp; &nbsp; &nbsp; &nbsp; &nbsp; &nbsp;Nos toca un nuevo a\u00f1o acad\u00e9mico por enfrentar, con nuevos desaf\u00edos y con metas a cumplir por cada uno de nuestros &hellip; <a href=\"http:\/\/lions-school.com\/ls\/palabras-del-rector\/\" class=\"more-link\">Leer m\u00e1s<\/a><\/p>\n","protected":false},"author":2,"featured_media":0,"parent":0,"menu_order":0,"comment_status":"closed","ping_status":"closed","template":"","meta":{"_themeisle_gutenberg_block_has_review":false,"footnotes":""},"class_list":["post-139","page","type-page","status-publish","hentry","entry"],"_links":{"self":[{"href":"http:\/\/lions-school.com\/ls\/wp-json\/wp\/v2\/pages\/139","targetHints":{"allow":["GET"]}}],"collection":[{"href":"http:\/\/lions-school.com\/ls\/wp-json\/wp\/v2\/pages"}],"about":[{"href":"http:\/\/lions-school.com\/ls\/wp-json\/wp\/v2\/types\/page"}],"author":[{"embeddable":true,"href":"http:\/\/lions-school.com\/ls\/wp-json\/wp\/v2\/users\/2"}],"replies":[{"embeddable":true,"href":"http:\/\/lions-school.com\/ls\/wp-json\/wp\/v2\/comments?post=139"}],"version-history":[{"count":5,"href":"http:\/\/lions-school.com\/ls\/wp-json\/wp\/v2\/pages\/139\/revisions"}],"predecessor-version":[{"id":1511,"href":"http:\/\/lions-school.com\/ls\/wp-json\/wp\/v2\/pages\/139\/revisions\/1511"}],"wp:attachment":[{"href":"http:\/\/lions-school.com\/ls\/wp-json\/wp\/v2\/media?parent=139"}],"curies":[{"name":"wp","href":"https:\/\/api.w.org\/{rel}","templated":true}]}}