{"id":147,"date":"2020-04-17T03:08:51","date_gmt":"2020-04-17T03:08:51","guid":{"rendered":"http:\/\/lions-school.com\/ls\/?page_id=147"},"modified":"2020-06-01T05:39:45","modified_gmt":"2020-06-01T05:39:45","slug":"proyecto-educativo","status":"publish","type":"page","link":"http:\/\/lions-school.com\/ls\/proyecto-educativo\/","title":{"rendered":"Proyecto Educativo"},"content":{"rendered":"\n<p><\/p>\n\n\n\n<p>\u00a0 \u00a0 \u00a0 \u00a0 \u00a0 \u00a0 \u00a0Entregar una educaci\u00f3n de calidad, alcanzando el mejor resultado comunal dentro del Sistema de Medici\u00f3n de la Calidad Educacional del Ministerio de Educaci\u00f3n, potenciando al m\u00e1ximo cada una de las capacidades, talentos y\/o destrezas de nuestros estudiantes, dentro de un marco de fuerte formaci\u00f3n val\u00f3rica.<\/p>\n\n\n\r\n<!--change the width and height value as you want.--> \r\n<!-- Do change \"index.htm\" to your real html name of the flippingbook--> \r\n<iframe  style=\"width:100%;height:450px\"  src=\"http:\/\/lions-school.com\/ls\/wp-content\/uploads\/flipbook\/13\/book.html\"  seamless=\"seamless\" scrolling=\"no\" frameborder=\"0\" allowtransparency=\"true\" allowfullscreen mozallowfullscreen  webkitallowfullscreen ><\/iframe>\r\n\n","protected":false},"excerpt":{"rendered":"<p>\u00a0 \u00a0 \u00a0 \u00a0 \u00a0 \u00a0 \u00a0Entregar una educaci\u00f3n de calidad, alcanzando el mejor resultado comunal dentro del Sistema de Medici\u00f3n de la Calidad Educacional del Ministerio de Educaci\u00f3n, potenciando &hellip; <a href=\"http:\/\/lions-school.com\/ls\/proyecto-educativo\/\" class=\"more-link\">Leer m\u00e1s<\/a><\/p>\n","protected":false},"author":2,"featured_media":0,"parent":0,"menu_order":0,"comment_status":"closed","ping_status":"closed","template":"","meta":{"_themeisle_gutenberg_block_has_review":false,"footnotes":""},"class_list":["post-147","page","type-page","status-publish","hentry","entry"],"_links":{"self":[{"href":"http:\/\/lions-school.com\/ls\/wp-json\/wp\/v2\/pages\/147","targetHints":{"allow":["GET"]}}],"collection":[{"href":"http:\/\/lions-school.com\/ls\/wp-json\/wp\/v2\/pages"}],"about":[{"href":"http:\/\/lions-school.com\/ls\/wp-json\/wp\/v2\/types\/page"}],"author":[{"embeddable":true,"href":"http:\/\/lions-school.com\/ls\/wp-json\/wp\/v2\/users\/2"}],"replies":[{"embeddable":true,"href":"http:\/\/lions-school.com\/ls\/wp-json\/wp\/v2\/comments?post=147"}],"version-history":[{"count":2,"href":"http:\/\/lions-school.com\/ls\/wp-json\/wp\/v2\/pages\/147\/revisions"}],"predecessor-version":[{"id":373,"href":"http:\/\/lions-school.com\/ls\/wp-json\/wp\/v2\/pages\/147\/revisions\/373"}],"wp:attachment":[{"href":"http:\/\/lions-school.com\/ls\/wp-json\/wp\/v2\/media?parent=147"}],"curies":[{"name":"wp","href":"https:\/\/api.w.org\/{rel}","templated":true}]}}